{"id":38438,"date":"2024-04-26T11:19:31","date_gmt":"2024-04-26T11:19:31","guid":{"rendered":"https:\/\/www.agrikomp.com\/?page_id=38438"},"modified":"2026-04-09T09:39:56","modified_gmt":"2026-04-09T09:39:56","slug":"kalkulator","status":"publish","type":"page","link":"https:\/\/www.agrikomp.com\/pl\/company\/kalkulator\/","title":{"rendered":"KALKULATOR INSTALACJI BIOGAZOWEJ"},"content":{"rendered":"\t\t<div data-elementor-type=\"wp-page\" data-elementor-id=\"38438\" class=\"elementor elementor-38438\" data-elementor-post-type=\"page\">\n\t\t\t\t\t\t<section class=\"elementor-section elementor-top-section elementor-element elementor-element-edc0dc5 elementor-section-height-min-height elementor-section-content-middle elementor-section-boxed elementor-section-height-default elementor-section-items-middle\" data-id=\"edc0dc5\" data-element_type=\"section\" data-e-type=\"section\" data-settings=\"{&quot;background_background&quot;:&quot;classic&quot;,&quot;background_motion_fx_motion_fx_mouse&quot;:&quot;yes&quot;,&quot;background_motion_fx_mouseTrack_effect&quot;:&quot;yes&quot;,&quot;background_motion_fx_mouseTrack_speed&quot;:{&quot;unit&quot;:&quot;px&quot;,&quot;size&quot;:0.2,&quot;sizes&quot;:[]}}\">\n\t\t\t\t\t\t\t<div class=\"elementor-background-overlay\"><\/div>\n\t\t\t\t\t\t\t<div class=\"elementor-container elementor-column-gap-default\">\n\t\t\t\t\t<div class=\"elementor-column elementor-col-100 elementor-top-column elementor-element elementor-element-117ab7e\" data-id=\"117ab7e\" data-element_type=\"column\" data-e-type=\"column\">\n\t\t\t<div class=\"elementor-widget-wrap elementor-element-populated\">\n\t\t\t\t\t\t<div class=\"elementor-element elementor-element-1377763 elementor-widget elementor-widget-heading\" data-id=\"1377763\" data-element_type=\"widget\" data-e-type=\"widget\" data-widget_type=\"heading.default\">\n\t\t\t\t<div class=\"elementor-widget-container\">\n\t\t\t\t\t<h5 class=\"elementor-heading-title elementor-size-default\">O firmie<\/h5>\t\t\t\t<\/div>\n\t\t\t\t<\/div>\n\t\t\t\t<div class=\"elementor-element elementor-element-0a73795 elementor-widget elementor-widget-heading\" data-id=\"0a73795\" data-element_type=\"widget\" data-e-type=\"widget\" data-widget_type=\"heading.default\">\n\t\t\t\t<div class=\"elementor-widget-container\">\n\t\t\t\t\t<h2 class=\"elementor-heading-title elementor-size-default\">Kalkulator<\/h2>\t\t\t\t<\/div>\n\t\t\t\t<\/div>\n\t\t\t\t\t<\/div>\n\t\t<\/div>\n\t\t\t\t\t<\/div>\n\t\t<\/section>\n\t\t\t\t<section class=\"elementor-section elementor-top-section elementor-element elementor-element-6e86b10 elementor-section-boxed elementor-section-height-default elementor-section-height-default\" data-id=\"6e86b10\" data-element_type=\"section\" data-e-type=\"section\" data-settings=\"{&quot;background_background&quot;:&quot;classic&quot;}\">\n\t\t\t\t\t\t<div class=\"elementor-container elementor-column-gap-default\">\n\t\t\t\t\t<div class=\"elementor-column elementor-col-100 elementor-top-column elementor-element elementor-element-06ea316\" data-id=\"06ea316\" data-element_type=\"column\" data-e-type=\"column\">\n\t\t\t<div class=\"elementor-widget-wrap elementor-element-populated\">\n\t\t\t\t\t\t<div class=\"elementor-element elementor-element-93d14c8 elementor-widget elementor-widget-spacer\" data-id=\"93d14c8\" data-element_type=\"widget\" data-e-type=\"widget\" data-widget_type=\"spacer.default\">\n\t\t\t\t<div class=\"elementor-widget-container\">\n\t\t\t\t\t\t\t<div class=\"elementor-spacer\">\n\t\t\t<div class=\"elementor-spacer-inner\"><\/div>\n\t\t<\/div>\n\t\t\t\t\t\t<\/div>\n\t\t\t\t<\/div>\n\t\t\t\t<section class=\"elementor-section elementor-inner-section elementor-element elementor-element-594aa58 elementor-section-boxed elementor-section-height-default elementor-section-height-default\" data-id=\"594aa58\" data-element_type=\"section\" data-e-type=\"section\">\n\t\t\t\t\t\t<div class=\"elementor-container elementor-column-gap-default\">\n\t\t\t\t\t<div class=\"elementor-column elementor-col-50 elementor-inner-column elementor-element elementor-element-05ca0e4\" data-id=\"05ca0e4\" data-element_type=\"column\" data-e-type=\"column\">\n\t\t\t<div class=\"elementor-widget-wrap elementor-element-populated\">\n\t\t\t\t\t\t<div class=\"elementor-element elementor-element-f85c53c elementor-widget elementor-widget-image\" data-id=\"f85c53c\" data-element_type=\"widget\" data-e-type=\"widget\" data-widget_type=\"image.default\">\n\t\t\t\t<div class=\"elementor-widget-container\">\n\t\t\t\t\t\t\t\t\t\t\t\t\t\t\t\t<a href=\"http:\/\/www.kalkulatorbiogazu.pl\">\n\t\t\t\t\t\t\t<img fetchpriority=\"high\" decoding=\"async\" width=\"800\" height=\"800\" src=\"https:\/\/www.agrikomp.com\/wp-content\/uploads\/wizualizacja-kalkulator-biogazu-1-1024x1024.png\" class=\"attachment-large size-large wp-image-38453\" alt=\"\" srcset=\"https:\/\/www.agrikomp.com\/wp-content\/uploads\/wizualizacja-kalkulator-biogazu-1-1024x1024.png 1024w, https:\/\/www.agrikomp.com\/wp-content\/uploads\/wizualizacja-kalkulator-biogazu-1-300x300.png 300w, https:\/\/www.agrikomp.com\/wp-content\/uploads\/wizualizacja-kalkulator-biogazu-1-150x150.png 150w, https:\/\/www.agrikomp.com\/wp-content\/uploads\/wizualizacja-kalkulator-biogazu-1-768x768.png 768w, https:\/\/www.agrikomp.com\/wp-content\/uploads\/wizualizacja-kalkulator-biogazu-1-1536x1536.png 1536w, https:\/\/www.agrikomp.com\/wp-content\/uploads\/wizualizacja-kalkulator-biogazu-1.png 1890w\" sizes=\"(max-width: 800px) 100vw, 800px\" \/>\t\t\t\t\t\t\t\t<\/a>\n\t\t\t\t\t\t\t\t\t\t\t\t\t\t\t<\/div>\n\t\t\t\t<\/div>\n\t\t\t\t\t<\/div>\n\t\t<\/div>\n\t\t\t\t<div class=\"elementor-column elementor-col-50 elementor-inner-column elementor-element elementor-element-1995a26\" data-id=\"1995a26\" data-element_type=\"column\" data-e-type=\"column\">\n\t\t\t<div class=\"elementor-widget-wrap elementor-element-populated\">\n\t\t\t\t\t\t<div class=\"elementor-element elementor-element-6a2e6ba6 elementor-widget elementor-widget-text-editor\" data-id=\"6a2e6ba6\" data-element_type=\"widget\" data-e-type=\"widget\" data-widget_type=\"text-editor.default\">\n\t\t\t\t<div class=\"elementor-widget-container\">\n\t\t\t\t\t\t\t\t\t<figure><\/figure><p style=\"text-align: left;\">Kalkulator biogazu to narz\u0119dzie, kt\u00f3re pomaga w obliczeniu wielko\u015bci instalacji biogazowej. Dzi\u0119ki niemu mo\u017cna okre\u015bli\u0107 ilo\u015b\u0107 surowca potrzebn\u0105 do produkcji biogazu oraz przewidywan\u0105 ilo\u015b\u0107 wytworzonej energii. Kalkulator biogazu jest przydatnym narz\u0119dziem dla os\u00f3b planuj\u0105cych budow\u0119 w\u0142asnej instalacji biogazowej lub biometanowni..<\/p>\t\t\t\t\t\t\t\t<\/div>\n\t\t\t\t<\/div>\n\t\t\t\t<div class=\"elementor-element elementor-element-ee1634d elementor-widget elementor-widget-button\" data-id=\"ee1634d\" data-element_type=\"widget\" data-e-type=\"widget\" data-widget_type=\"button.default\">\n\t\t\t\t<div class=\"elementor-widget-container\">\n\t\t\t\t\t\t\t\t\t<div class=\"elementor-button-wrapper\">\n\t\t\t\t\t<a class=\"elementor-button elementor-button-link elementor-size-sm\" href=\"https:\/\/www.kalkulatorbiogazu.pl\/\" target=\"_blank\">\n\t\t\t\t\t\t<span class=\"elementor-button-content-wrapper\">\n\t\t\t\t\t\t\t\t\t<span class=\"elementor-button-text\">KALKULATOR INSTALACJI BIOGAZOWEJ<\/span>\n\t\t\t\t\t<\/span>\n\t\t\t\t\t<\/a>\n\t\t\t\t<\/div>\n\t\t\t\t\t\t\t\t<\/div>\n\t\t\t\t<\/div>\n\t\t\t\t\t<\/div>\n\t\t<\/div>\n\t\t\t\t\t<\/div>\n\t\t<\/section>\n\t\t\t\t<div class=\"elementor-element elementor-element-9fabd09 elementor-widget elementor-widget-spacer\" data-id=\"9fabd09\" data-element_type=\"widget\" data-e-type=\"widget\" data-widget_type=\"spacer.default\">\n\t\t\t\t<div class=\"elementor-widget-container\">\n\t\t\t\t\t\t\t<div class=\"elementor-spacer\">\n\t\t\t<div class=\"elementor-spacer-inner\"><\/div>\n\t\t<\/div>\n\t\t\t\t\t\t<\/div>\n\t\t\t\t<\/div>\n\t\t\t\t\t<\/div>\n\t\t<\/div>\n\t\t\t\t\t<\/div>\n\t\t<\/section>\n\t\t\t\t<\/div>\n\t\t","protected":false},"excerpt":{"rendered":"<p>O firmie Kalkulator Kalkulator biogazu to narz\u0119dzie, kt\u00f3re pomaga w obliczeniu wielko\u015bci instalacji biogazowej. Dzi\u0119ki niemu mo\u017cna okre\u015bli\u0107 ilo\u015b\u0107 surowca potrzebn\u0105 do produkcji biogazu oraz przewidywan\u0105 ilo\u015b\u0107 wytworzonej energii. Kalkulator biogazu jest przydatnym narz\u0119dziem dla os\u00f3b planuj\u0105cych budow\u0119 w\u0142asnej instalacji biogazowej lub biometanowni.. KALKULATOR INSTALACJI BIOGAZOWEJ<\/p>\n","protected":false},"author":11,"featured_media":38439,"parent":26386,"menu_order":0,"comment_status":"closed","ping_status":"closed","template":"","meta":{"footnotes":""},"class_list":["post-38438","page","type-page","status-publish","has-post-thumbnail","hentry"],"yoast_head":"<!-- This site is optimized with the Yoast SEO Premium plugin v27.3 (Yoast SEO v27.3) - https:\/\/yoast.com\/product\/yoast-seo-premium-wordpress\/ -->\n<title>KALKULATOR INSTALACJI BIOGAZOWEJ - agriKomp GmbH<\/title>\n<meta name=\"description\" content=\"Kalkulator biogazu to narz\u0119dzie, kt\u00f3re pomaga w obliczeniu wielko\u015bci instalacji biogazowej. Pozwala okre\u015bli\u0107 ilo\u015b\u0107 potrzebn\u0105 ilo\u015b\u0107 substratu.\" \/>\n<meta name=\"robots\" content=\"index, follow, max-snippet:-1, max-image-preview:large, max-video-preview:-1\" \/>\n<link rel=\"canonical\" href=\"https:\/\/www.agrikomp.com\/pl\/company\/kalkulator\/\" \/>\n<meta property=\"og:locale\" content=\"pl_PL\" \/>\n<meta property=\"og:type\" content=\"article\" \/>\n<meta property=\"og:title\" content=\"Kalkulator biogazowni\" \/>\n<meta property=\"og:description\" content=\"Kalkulator biogazu to narz\u0119dzie, kt\u00f3re pomaga w obliczeniu wielko\u015bci instalacji biogazowej. Pozwala okre\u015bli\u0107 ilo\u015b\u0107 substratu oraz potencjaln\u0105 moc instalacji.\" \/>\n<meta property=\"og:url\" content=\"https:\/\/www.agrikomp.com\/pl\/company\/kalkulator\/\" \/>\n<meta property=\"og:site_name\" content=\"agriKomp GmbH\" \/>\n<meta property=\"article:publisher\" content=\"https:\/\/www.facebook.com\/agriKomp.Deutschland\" \/>\n<meta property=\"article:modified_time\" content=\"2026-04-09T09:39:56+00:00\" \/>\n<meta property=\"og:image\" content=\"https:\/\/www.agrikomp.com\/wp-content\/uploads\/wizualizacja-kalkulator-biogazu-1-1024x1024.png\" \/>\n\t<meta property=\"og:image:width\" content=\"1024\" \/>\n\t<meta property=\"og:image:height\" content=\"1024\" \/>\n\t<meta property=\"og:image:type\" content=\"image\/png\" \/>\n<meta name=\"twitter:card\" content=\"summary_large_image\" \/>\n<meta name=\"twitter:title\" content=\"KALKULATOR INSTALACJI BIOGAZOWEJ\" \/>\n<meta name=\"twitter:label1\" content=\"Szacowany czas czytania\" \/>\n\t<meta name=\"twitter:data1\" content=\"1 minuta\" \/>\n<script type=\"application\/ld+json\" class=\"yoast-schema-graph\">{\"@context\":\"https:\\\/\\\/schema.org\",\"@graph\":[{\"@type\":\"WebPage\",\"@id\":\"https:\\\/\\\/www.agrikomp.com\\\/pl\\\/company\\\/kalkulator\\\/\",\"url\":\"https:\\\/\\\/www.agrikomp.com\\\/pl\\\/company\\\/kalkulator\\\/\",\"name\":\"KALKULATOR INSTALACJI BIOGAZOWEJ - agriKomp GmbH\",\"isPartOf\":{\"@id\":\"https:\\\/\\\/agrikomp.com\\\/de\\\/#website\"},\"primaryImageOfPage\":{\"@id\":\"https:\\\/\\\/www.agrikomp.com\\\/pl\\\/company\\\/kalkulator\\\/#primaryimage\"},\"image\":{\"@id\":\"https:\\\/\\\/www.agrikomp.com\\\/pl\\\/company\\\/kalkulator\\\/#primaryimage\"},\"thumbnailUrl\":\"https:\\\/\\\/www.agrikomp.com\\\/wp-content\\\/uploads\\\/agrikomp-gmbh-1.jpg\",\"datePublished\":\"2024-04-26T11:19:31+00:00\",\"dateModified\":\"2026-04-09T09:39:56+00:00\",\"description\":\"Kalkulator biogazu to narz\u0119dzie, kt\u00f3re pomaga w obliczeniu wielko\u015bci instalacji biogazowej. Pozwala okre\u015bli\u0107 ilo\u015b\u0107 potrzebn\u0105 ilo\u015b\u0107 substratu.\",\"breadcrumb\":{\"@id\":\"https:\\\/\\\/www.agrikomp.com\\\/pl\\\/company\\\/kalkulator\\\/#breadcrumb\"},\"inLanguage\":\"pl-PL\",\"potentialAction\":[{\"@type\":\"ReadAction\",\"target\":[\"https:\\\/\\\/www.agrikomp.com\\\/pl\\\/company\\\/kalkulator\\\/\"]}]},{\"@type\":\"ImageObject\",\"inLanguage\":\"pl-PL\",\"@id\":\"https:\\\/\\\/www.agrikomp.com\\\/pl\\\/company\\\/kalkulator\\\/#primaryimage\",\"url\":\"https:\\\/\\\/www.agrikomp.com\\\/wp-content\\\/uploads\\\/agrikomp-gmbh-1.jpg\",\"contentUrl\":\"https:\\\/\\\/www.agrikomp.com\\\/wp-content\\\/uploads\\\/agrikomp-gmbh-1.jpg\",\"width\":1000,\"height\":666},{\"@type\":\"BreadcrumbList\",\"@id\":\"https:\\\/\\\/www.agrikomp.com\\\/pl\\\/company\\\/kalkulator\\\/#breadcrumb\",\"itemListElement\":[{\"@type\":\"ListItem\",\"position\":1,\"name\":\"Homepage\",\"item\":\"https:\\\/\\\/www.agrikomp.com\\\/pl\\\/\"},{\"@type\":\"ListItem\",\"position\":2,\"name\":\"agriKomp Polska\",\"item\":\"https:\\\/\\\/www.agrikomp.com\\\/pl\\\/company\\\/\"},{\"@type\":\"ListItem\",\"position\":3,\"name\":\"KALKULATOR INSTALACJI BIOGAZOWEJ\"}]},{\"@type\":\"WebSite\",\"@id\":\"https:\\\/\\\/agrikomp.com\\\/de\\\/#website\",\"url\":\"https:\\\/\\\/agrikomp.com\\\/de\\\/\",\"name\":\"agriKomp GmbH\",\"description\":\"Biogasanlagen und Biogastechnik wie sie gebraucht wird\",\"publisher\":{\"@id\":\"https:\\\/\\\/agrikomp.com\\\/de\\\/#organization\"},\"potentialAction\":[{\"@type\":\"SearchAction\",\"target\":{\"@type\":\"EntryPoint\",\"urlTemplate\":\"https:\\\/\\\/agrikomp.com\\\/de\\\/?s={search_term_string}\"},\"query-input\":{\"@type\":\"PropertyValueSpecification\",\"valueRequired\":true,\"valueName\":\"search_term_string\"}}],\"inLanguage\":\"pl-PL\"},{\"@type\":\"Organization\",\"@id\":\"https:\\\/\\\/agrikomp.com\\\/de\\\/#organization\",\"name\":\"agriKomp\",\"url\":\"https:\\\/\\\/agrikomp.com\\\/de\\\/\",\"logo\":{\"@type\":\"ImageObject\",\"inLanguage\":\"pl-PL\",\"@id\":\"https:\\\/\\\/agrikomp.com\\\/de\\\/#\\\/schema\\\/logo\\\/image\\\/\",\"url\":\"https:\\\/\\\/www.agrikomp.com\\\/wp-content\\\/uploads\\\/2020\\\/11\\\/150224_aKlogo-grau_quer.png\",\"contentUrl\":\"https:\\\/\\\/www.agrikomp.com\\\/wp-content\\\/uploads\\\/2020\\\/11\\\/150224_aKlogo-grau_quer.png\",\"width\":2560,\"height\":455,\"caption\":\"agriKomp\"},\"image\":{\"@id\":\"https:\\\/\\\/agrikomp.com\\\/de\\\/#\\\/schema\\\/logo\\\/image\\\/\"},\"sameAs\":[\"https:\\\/\\\/www.facebook.com\\\/agriKomp.Deutschland\",\"https:\\\/\\\/www.instagram.com\\\/agrikomp\\\/?hl=en\",\"https:\\\/\\\/www.linkedin.com\\\/company\\\/5254243\\\/\",\"https:\\\/\\\/www.youtube.com\\\/@AgrikompDeutschland\"]}]}<\/script>\n<!-- \/ Yoast SEO Premium plugin. -->","yoast_head_json":{"title":"KALKULATOR INSTALACJI BIOGAZOWEJ - agriKomp GmbH","description":"Kalkulator biogazu to narz\u0119dzie, kt\u00f3re pomaga w obliczeniu wielko\u015bci instalacji biogazowej. Pozwala okre\u015bli\u0107 ilo\u015b\u0107 potrzebn\u0105 ilo\u015b\u0107 substratu.","robots":{"index":"index","follow":"follow","max-snippet":"max-snippet:-1","max-image-preview":"max-image-preview:large","max-video-preview":"max-video-preview:-1"},"canonical":"https:\/\/www.agrikomp.com\/pl\/company\/kalkulator\/","og_locale":"pl_PL","og_type":"article","og_title":"Kalkulator biogazowni","og_description":"Kalkulator biogazu to narz\u0119dzie, kt\u00f3re pomaga w obliczeniu wielko\u015bci instalacji biogazowej. Pozwala okre\u015bli\u0107 ilo\u015b\u0107 substratu oraz potencjaln\u0105 moc instalacji.","og_url":"https:\/\/www.agrikomp.com\/pl\/company\/kalkulator\/","og_site_name":"agriKomp GmbH","article_publisher":"https:\/\/www.facebook.com\/agriKomp.Deutschland","article_modified_time":"2026-04-09T09:39:56+00:00","og_image":[{"width":1024,"height":1024,"url":"https:\/\/www.agrikomp.com\/wp-content\/uploads\/wizualizacja-kalkulator-biogazu-1-1024x1024.png","type":"image\/png"}],"twitter_card":"summary_large_image","twitter_title":"KALKULATOR INSTALACJI BIOGAZOWEJ","twitter_misc":{"Szacowany czas czytania":"1 minuta"},"schema":{"@context":"https:\/\/schema.org","@graph":[{"@type":"WebPage","@id":"https:\/\/www.agrikomp.com\/pl\/company\/kalkulator\/","url":"https:\/\/www.agrikomp.com\/pl\/company\/kalkulator\/","name":"KALKULATOR INSTALACJI BIOGAZOWEJ - agriKomp GmbH","isPartOf":{"@id":"https:\/\/agrikomp.com\/de\/#website"},"primaryImageOfPage":{"@id":"https:\/\/www.agrikomp.com\/pl\/company\/kalkulator\/#primaryimage"},"image":{"@id":"https:\/\/www.agrikomp.com\/pl\/company\/kalkulator\/#primaryimage"},"thumbnailUrl":"https:\/\/www.agrikomp.com\/wp-content\/uploads\/agrikomp-gmbh-1.jpg","datePublished":"2024-04-26T11:19:31+00:00","dateModified":"2026-04-09T09:39:56+00:00","description":"Kalkulator biogazu to narz\u0119dzie, kt\u00f3re pomaga w obliczeniu wielko\u015bci instalacji biogazowej. Pozwala okre\u015bli\u0107 ilo\u015b\u0107 potrzebn\u0105 ilo\u015b\u0107 substratu.","breadcrumb":{"@id":"https:\/\/www.agrikomp.com\/pl\/company\/kalkulator\/#breadcrumb"},"inLanguage":"pl-PL","potentialAction":[{"@type":"ReadAction","target":["https:\/\/www.agrikomp.com\/pl\/company\/kalkulator\/"]}]},{"@type":"ImageObject","inLanguage":"pl-PL","@id":"https:\/\/www.agrikomp.com\/pl\/company\/kalkulator\/#primaryimage","url":"https:\/\/www.agrikomp.com\/wp-content\/uploads\/agrikomp-gmbh-1.jpg","contentUrl":"https:\/\/www.agrikomp.com\/wp-content\/uploads\/agrikomp-gmbh-1.jpg","width":1000,"height":666},{"@type":"BreadcrumbList","@id":"https:\/\/www.agrikomp.com\/pl\/company\/kalkulator\/#breadcrumb","itemListElement":[{"@type":"ListItem","position":1,"name":"Homepage","item":"https:\/\/www.agrikomp.com\/pl\/"},{"@type":"ListItem","position":2,"name":"agriKomp Polska","item":"https:\/\/www.agrikomp.com\/pl\/company\/"},{"@type":"ListItem","position":3,"name":"KALKULATOR INSTALACJI BIOGAZOWEJ"}]},{"@type":"WebSite","@id":"https:\/\/agrikomp.com\/de\/#website","url":"https:\/\/agrikomp.com\/de\/","name":"agriKomp GmbH","description":"Biogasanlagen und Biogastechnik wie sie gebraucht wird","publisher":{"@id":"https:\/\/agrikomp.com\/de\/#organization"},"potentialAction":[{"@type":"SearchAction","target":{"@type":"EntryPoint","urlTemplate":"https:\/\/agrikomp.com\/de\/?s={search_term_string}"},"query-input":{"@type":"PropertyValueSpecification","valueRequired":true,"valueName":"search_term_string"}}],"inLanguage":"pl-PL"},{"@type":"Organization","@id":"https:\/\/agrikomp.com\/de\/#organization","name":"agriKomp","url":"https:\/\/agrikomp.com\/de\/","logo":{"@type":"ImageObject","inLanguage":"pl-PL","@id":"https:\/\/agrikomp.com\/de\/#\/schema\/logo\/image\/","url":"https:\/\/www.agrikomp.com\/wp-content\/uploads\/2020\/11\/150224_aKlogo-grau_quer.png","contentUrl":"https:\/\/www.agrikomp.com\/wp-content\/uploads\/2020\/11\/150224_aKlogo-grau_quer.png","width":2560,"height":455,"caption":"agriKomp"},"image":{"@id":"https:\/\/agrikomp.com\/de\/#\/schema\/logo\/image\/"},"sameAs":["https:\/\/www.facebook.com\/agriKomp.Deutschland","https:\/\/www.instagram.com\/agrikomp\/?hl=en","https:\/\/www.linkedin.com\/company\/5254243\/","https:\/\/www.youtube.com\/@AgrikompDeutschland"]}]}},"_links":{"self":[{"href":"https:\/\/www.agrikomp.com\/pl\/wp-json\/wp\/v2\/pages\/38438","targetHints":{"allow":["GET"]}}],"collection":[{"href":"https:\/\/www.agrikomp.com\/pl\/wp-json\/wp\/v2\/pages"}],"about":[{"href":"https:\/\/www.agrikomp.com\/pl\/wp-json\/wp\/v2\/types\/page"}],"author":[{"embeddable":true,"href":"https:\/\/www.agrikomp.com\/pl\/wp-json\/wp\/v2\/users\/11"}],"replies":[{"embeddable":true,"href":"https:\/\/www.agrikomp.com\/pl\/wp-json\/wp\/v2\/comments?post=38438"}],"version-history":[{"count":36,"href":"https:\/\/www.agrikomp.com\/pl\/wp-json\/wp\/v2\/pages\/38438\/revisions"}],"predecessor-version":[{"id":44261,"href":"https:\/\/www.agrikomp.com\/pl\/wp-json\/wp\/v2\/pages\/38438\/revisions\/44261"}],"up":[{"embeddable":true,"href":"https:\/\/www.agrikomp.com\/pl\/wp-json\/wp\/v2\/pages\/26386"}],"wp:featuredmedia":[{"embeddable":true,"href":"https:\/\/www.agrikomp.com\/pl\/wp-json\/wp\/v2\/media\/38439"}],"wp:attachment":[{"href":"https:\/\/www.agrikomp.com\/pl\/wp-json\/wp\/v2\/media?parent=38438"}],"curies":[{"name":"wp","href":"https:\/\/api.w.org\/{rel}","templated":true}]}}