{"id":26426,"date":"2022-09-05T11:18:29","date_gmt":"2022-09-05T11:18:29","guid":{"rendered":"https:\/\/agrikomp.com\/legal-notice\/"},"modified":"2024-04-19T05:58:31","modified_gmt":"2024-04-19T05:58:31","slug":"impress","status":"publish","type":"page","link":"https:\/\/www.agrikomp.com\/pl\/impress\/","title":{"rendered":"Impress"},"content":{"rendered":"\t\t<div data-elementor-type=\"wp-page\" data-elementor-id=\"26426\" class=\"elementor elementor-26426 elementor-9641\" data-elementor-post-type=\"page\">\n\t\t\t\t\t\t<section class=\"elementor-section elementor-top-section elementor-element elementor-element-5ec7ea1f elementor-section-height-min-height elementor-section-content-middle elementor-section-boxed elementor-section-height-default elementor-section-items-middle\" data-id=\"5ec7ea1f\" data-element_type=\"section\" data-e-type=\"section\" data-settings=\"{&quot;background_background&quot;:&quot;classic&quot;,&quot;background_motion_fx_motion_fx_mouse&quot;:&quot;yes&quot;,&quot;background_motion_fx_mouseTrack_effect&quot;:&quot;yes&quot;,&quot;background_motion_fx_mouseTrack_speed&quot;:{&quot;unit&quot;:&quot;px&quot;,&quot;size&quot;:0.2,&quot;sizes&quot;:[]}}\">\n\t\t\t\t\t\t\t<div class=\"elementor-background-overlay\"><\/div>\n\t\t\t\t\t\t\t<div class=\"elementor-container elementor-column-gap-default\">\n\t\t\t\t\t<div class=\"elementor-column elementor-col-100 elementor-top-column elementor-element elementor-element-66ff3b8f\" data-id=\"66ff3b8f\" data-element_type=\"column\" data-e-type=\"column\">\n\t\t\t<div class=\"elementor-widget-wrap elementor-element-populated\">\n\t\t\t\t\t\t<div class=\"elementor-element elementor-element-3c504d65 elementor-widget elementor-widget-heading\" data-id=\"3c504d65\" data-element_type=\"widget\" data-e-type=\"widget\" data-widget_type=\"heading.default\">\n\t\t\t\t<div class=\"elementor-widget-container\">\n\t\t\t\t\t<h2 class=\"elementor-heading-title elementor-size-default\">INFORMACJE DOTYCZ\u0104CE FIRMY<\/h2>\t\t\t\t<\/div>\n\t\t\t\t<\/div>\n\t\t\t\t\t<\/div>\n\t\t<\/div>\n\t\t\t\t\t<\/div>\n\t\t<\/section>\n\t\t\t\t<section class=\"elementor-section elementor-top-section elementor-element elementor-element-56934f48 elementor-section-boxed elementor-section-height-default elementor-section-height-default\" data-id=\"56934f48\" data-element_type=\"section\" data-e-type=\"section\">\n\t\t\t\t\t\t<div class=\"elementor-container elementor-column-gap-default\">\n\t\t\t\t\t<div class=\"elementor-column elementor-col-100 elementor-top-column elementor-element elementor-element-7367070c\" data-id=\"7367070c\" data-element_type=\"column\" data-e-type=\"column\">\n\t\t\t<div class=\"elementor-widget-wrap elementor-element-populated\">\n\t\t\t\t\t\t<section class=\"elementor-section elementor-inner-section elementor-element elementor-element-5a24e61 elementor-section-boxed elementor-section-height-default elementor-section-height-default\" data-id=\"5a24e61\" data-element_type=\"section\" data-e-type=\"section\">\n\t\t\t\t\t\t<div class=\"elementor-container elementor-column-gap-default\">\n\t\t\t\t\t<div class=\"elementor-column elementor-col-50 elementor-inner-column elementor-element elementor-element-1ce998f\" data-id=\"1ce998f\" data-element_type=\"column\" data-e-type=\"column\">\n\t\t\t<div class=\"elementor-widget-wrap elementor-element-populated\">\n\t\t\t\t\t\t<div class=\"elementor-element elementor-element-92c6da7 elementor-widget elementor-widget-heading\" data-id=\"92c6da7\" data-element_type=\"widget\" data-e-type=\"widget\" data-widget_type=\"heading.default\">\n\t\t\t\t<div class=\"elementor-widget-container\">\n\t\t\t\t\t<h2 class=\"elementor-heading-title elementor-size-default\">dane teleadresowe<\/h2>\t\t\t\t<\/div>\n\t\t\t\t<\/div>\n\t\t\t\t<div class=\"elementor-element elementor-element-2ca8427f elementor-widget elementor-widget-text-editor\" data-id=\"2ca8427f\" data-element_type=\"widget\" data-e-type=\"widget\" data-widget_type=\"text-editor.default\">\n\t\t\t\t<div class=\"elementor-widget-container\">\n\t\t\t\t\t\t\t\t\t<p><strong>agriKomp Polska Sp. z o.o.<\/strong><\/p><p>ul. Ignacego Daszy\u0144skiego 17,\u00a0<span style=\"font-size: 1.1rem; letter-spacing: -0.4px;\">63-500 Ostrzesz\u00f3w<\/span><\/p>\t\t\t\t\t\t\t\t<\/div>\n\t\t\t\t<\/div>\n\t\t\t\t<div class=\"elementor-element elementor-element-fd8f8cd elementor-widget elementor-widget-text-editor\" data-id=\"fd8f8cd\" data-element_type=\"widget\" data-e-type=\"widget\" data-widget_type=\"text-editor.default\">\n\t\t\t\t<div class=\"elementor-widget-container\">\n\t\t\t\t\t\t\t\t\t<p>E-mail:\u00a0 <a href=\"mailto:info@agriKomp.pl\" data-auto-event-observed=\"true\">info@agrikomp.pl<\/a><\/p><p><strong>Dzia\u0142 Administracji<\/strong> (62) 59-74-572<\/p><p><strong>Dzia\u0142 Realizacji Projekt\u00f3w<\/strong> (62) 59-74-575<\/p><p><strong>Dzia\u0142 Projektowy<\/strong> (71) 71-99-525<\/p><p><strong>Dzia\u0142 Ksi\u0119gowo\u015bci<\/strong> (62) 59-74-573<\/p><p><strong>Serwis&amp;Laboratorium<\/strong> (62) 59-74-574<\/p>\t\t\t\t\t\t\t\t<\/div>\n\t\t\t\t<\/div>\n\t\t\t\t\t<\/div>\n\t\t<\/div>\n\t\t\t\t<div class=\"elementor-column elementor-col-50 elementor-inner-column elementor-element elementor-element-eb2be24\" data-id=\"eb2be24\" data-element_type=\"column\" data-e-type=\"column\">\n\t\t\t<div class=\"elementor-widget-wrap elementor-element-populated\">\n\t\t\t\t\t\t<div class=\"elementor-element elementor-element-7e94f89 elementor-widget elementor-widget-heading\" data-id=\"7e94f89\" data-element_type=\"widget\" data-e-type=\"widget\" data-widget_type=\"heading.default\">\n\t\t\t\t<div class=\"elementor-widget-container\">\n\t\t\t\t\t<h2 class=\"elementor-heading-title elementor-size-default\">Informacje szczeg\u00f3\u0142owe<\/h2>\t\t\t\t<\/div>\n\t\t\t\t<\/div>\n\t\t\t\t<div class=\"elementor-element elementor-element-0980ef2 elementor-widget elementor-widget-text-editor\" data-id=\"0980ef2\" data-element_type=\"widget\" data-e-type=\"widget\" data-widget_type=\"text-editor.default\">\n\t\t\t\t<div class=\"elementor-widget-container\">\n\t\t\t\t\t\t\t\t\t<p><strong>NIP<\/strong>: 514 031 86 96<\/p><p><span style=\"color: var( --e-global-color-text ); font-family: var( --e-global-typography-text-font-family ), open-sans; font-size: var( --e-global-typography-text-font-size ); font-weight: var( --e-global-typography-text-font-weight ); letter-spacing: var( --e-global-typography-text-letter-spacing );\"><strong>REGON<\/strong>: 301403937<\/span><\/p><p><strong>Krajowy Rejestr S\u0105dowy<\/strong>: 0000353569<\/p><p><span style=\"color: var( --e-global-color-text ); font-family: var( --e-global-typography-text-font-family ), open-sans; font-size: var( --e-global-typography-text-font-size ); font-weight: var( --e-global-typography-text-font-weight ); letter-spacing: var( --e-global-typography-text-letter-spacing );\"><strong>Prezes Zarz\u0105du<\/strong>: Przemys\u0142aw Krawczyk<\/span><\/p><p>S\u0105d Rejonowy Pozna\u0144 &#8211; Nowe Miasto i Wilda w Poznaniu<\/p>\t\t\t\t\t\t\t\t<\/div>\n\t\t\t\t<\/div>\n\t\t\t\t\t<\/div>\n\t\t<\/div>\n\t\t\t\t\t<\/div>\n\t\t<\/section>\n\t\t\t\t<section class=\"elementor-section elementor-inner-section elementor-element elementor-element-d6956af elementor-section-boxed elementor-section-height-default elementor-section-height-default\" data-id=\"d6956af\" data-element_type=\"section\" data-e-type=\"section\">\n\t\t\t\t\t\t<div class=\"elementor-container elementor-column-gap-default\">\n\t\t\t\t\t<div class=\"elementor-column elementor-col-100 elementor-inner-column elementor-element elementor-element-c293d91\" data-id=\"c293d91\" data-element_type=\"column\" data-e-type=\"column\">\n\t\t\t<div class=\"elementor-widget-wrap elementor-element-populated\">\n\t\t\t\t\t\t<div class=\"elementor-element elementor-element-84eb891 elementor-widget elementor-widget-heading\" data-id=\"84eb891\" data-element_type=\"widget\" data-e-type=\"widget\" data-widget_type=\"heading.default\">\n\t\t\t\t<div class=\"elementor-widget-container\">\n\t\t\t\t\t<h2 class=\"elementor-heading-title elementor-size-default\">Polityka prywatno\u015bci<\/h2>\t\t\t\t<\/div>\n\t\t\t\t<\/div>\n\t\t\t\t<div class=\"elementor-element elementor-element-2c66f38 elementor-widget elementor-widget-text-editor\" data-id=\"2c66f38\" data-element_type=\"widget\" data-e-type=\"widget\" data-widget_type=\"text-editor.default\">\n\t\t\t\t<div class=\"elementor-widget-container\">\n\t\t\t\t\t\t\t\t\t<p>W zasadzie mo\u017cna u\u017cywa\u0107 naszej strony internetowej bez ujawniania swojej to\u017csamo\u015bci. Je\u015bli jednak chcesz si\u0119 z nami skontaktowa\u0107, poprosimy o podanie nazwiska i innych danych osobowych. Pa\u0144stwa dane osobowe nie s\u0105 przekazywane osobom trzecim. Po wys\u0142aniu swoich danych osobowych, mo\u017cesz w ka\u017cdej chwili zwr\u00f3ci\u0107 si\u0119 do nas, o to aby zosta\u0142y usuni\u0119te.<\/p>\t\t\t\t\t\t\t\t<\/div>\n\t\t\t\t<\/div>\n\t\t\t\t\t<\/div>\n\t\t<\/div>\n\t\t\t\t\t<\/div>\n\t\t<\/section>\n\t\t\t\t<section class=\"elementor-section elementor-inner-section elementor-element elementor-element-ec68daa elementor-section-boxed elementor-section-height-default elementor-section-height-default\" data-id=\"ec68daa\" data-element_type=\"section\" data-e-type=\"section\">\n\t\t\t\t\t\t<div class=\"elementor-container elementor-column-gap-wider\">\n\t\t\t\t\t<div class=\"elementor-column elementor-col-100 elementor-inner-column elementor-element elementor-element-9de9ebb\" data-id=\"9de9ebb\" data-element_type=\"column\" data-e-type=\"column\">\n\t\t\t<div class=\"elementor-widget-wrap elementor-element-populated\">\n\t\t\t\t\t\t<div class=\"elementor-element elementor-element-482062c elementor-widget elementor-widget-heading\" data-id=\"482062c\" data-element_type=\"widget\" data-e-type=\"widget\" data-widget_type=\"heading.default\">\n\t\t\t\t<div class=\"elementor-widget-container\">\n\t\t\t\t\t<h2 class=\"elementor-heading-title elementor-size-default\">Ograniczenie odpowiedzialno\u015bci\n<\/h2>\t\t\t\t<\/div>\n\t\t\t\t<\/div>\n\t\t\t\t<div class=\"elementor-element elementor-element-cbac76c elementor-widget elementor-widget-text-editor\" data-id=\"cbac76c\" data-element_type=\"widget\" data-e-type=\"widget\" data-widget_type=\"text-editor.default\">\n\t\t\t\t<div class=\"elementor-widget-container\">\n\t\t\t\t\t\t\t\t\t<p>Wszystkie informacje zawarte na naszych stronach zosta\u0142y opracowane na podstawie naszych w\u0142asnych, jak i zewn\u0119trznych \u017ar\u00f3de\u0142 z najwy\u017csz\u0105 staranno\u015bci\u0105. Wszystkie informacje s\u0105 regularnie aktualizowane jednak nie ponosimy \u017cadnej odpowiedzialno\u015bci za ich kompletno\u015b\u0107, aktualno\u015b\u0107, czy poprawno\u015b\u0107.<\/p>\t\t\t\t\t\t\t\t<\/div>\n\t\t\t\t<\/div>\n\t\t\t\t\t<\/div>\n\t\t<\/div>\n\t\t\t\t\t<\/div>\n\t\t<\/section>\n\t\t\t\t<section class=\"elementor-section elementor-inner-section elementor-element elementor-element-1132f34 elementor-section-boxed elementor-section-height-default elementor-section-height-default\" data-id=\"1132f34\" data-element_type=\"section\" data-e-type=\"section\">\n\t\t\t\t\t\t<div class=\"elementor-container elementor-column-gap-wider\">\n\t\t\t\t\t<div class=\"elementor-column elementor-col-100 elementor-inner-column elementor-element elementor-element-049f42d\" data-id=\"049f42d\" data-element_type=\"column\" data-e-type=\"column\">\n\t\t\t<div class=\"elementor-widget-wrap elementor-element-populated\">\n\t\t\t\t\t\t<div class=\"elementor-element elementor-element-1ab847d elementor-widget elementor-widget-heading\" data-id=\"1ab847d\" data-element_type=\"widget\" data-e-type=\"widget\" data-widget_type=\"heading.default\">\n\t\t\t\t<div class=\"elementor-widget-container\">\n\t\t\t\t\t<h2 class=\"elementor-heading-title elementor-size-default\">Informacja o PRAWACH AUTORSKICH<\/h2>\t\t\t\t<\/div>\n\t\t\t\t<\/div>\n\t\t\t\t<div class=\"elementor-element elementor-element-9a43b16 elementor-widget elementor-widget-text-editor\" data-id=\"9a43b16\" data-element_type=\"widget\" data-e-type=\"widget\" data-widget_type=\"text-editor.default\">\n\t\t\t\t<div class=\"elementor-widget-container\">\n\t\t\t\t\t\t\t\t\t<p>\u00a9 agriKomp Polska<br \/><strong>Wszystkie prawa zastrze\u017cone. Teksty, fragmenty tekst\u00f3w, zdj\u0119cia, obrazy, grafiki i animacje s\u0105 chronione prawem autorskim. Wykorzystywanie tych danych wymaga uzyskania zgody agriKomp GmbH. O ile nie wskazano inaczej, wszystkie znaki firmowe dost\u0119pne na stronach agriKomp podlegaj\u0105 ochronie.<\/strong><br \/>Strony internetowe firmy agriKomp zosta\u0142y zredagowane z najwy\u017csz\u0105 staranno\u015bci\u0105. Pomimo to agriKomp nie mo\u017ce zagwarantowa\u0107 poprawno\u015bci i dok\u0142adno\u015bci zamieszczonych informacji. Wy\u0142\u0105cza si\u0119 wszelk\u0105 odpowiedzialno\u015b\u0107 za powsta\u0142e szkody, o ile nie wynikaj\u0105 one z umy\u015blnego dzia\u0142ania lub ra\u017c\u0105cego zaniedbania po stronie firmy agriKomp. agriKomp zastrzega sobie prawo do zmiany tre\u015bci swoich stron internetowych w ka\u017cdej chwili wed\u0142ug w\u0142asnego uznania i bez uprzedniego powiadomienia. Strony internetowe agriKomp zawieraj\u0105 linki do innych stron internetowych. Firma agriKomp nie ponosi odpowiedzialno\u015bci za zasady ochrony danych oraz tre\u015b\u0107 tych stron.<\/p>\t\t\t\t\t\t\t\t<\/div>\n\t\t\t\t<\/div>\n\t\t\t\t\t<\/div>\n\t\t<\/div>\n\t\t\t\t\t<\/div>\n\t\t<\/section>\n\t\t\t\t\t<\/div>\n\t\t<\/div>\n\t\t\t\t\t<\/div>\n\t\t<\/section>\n\t\t\t\t<\/div>\n\t\t","protected":false},"excerpt":{"rendered":"<p>INFORMACJE DOTYCZ\u0104CE FIRMY dane teleadresowe agriKomp Polska Sp. z o.o. ul. Ignacego Daszy\u0144skiego 17,\u00a063-500 Ostrzesz\u00f3w E-mail:\u00a0 info@agrikomp.pl Dzia\u0142 Administracji (62) 59-74-572 Dzia\u0142 Realizacji Projekt\u00f3w (62) 59-74-575 Dzia\u0142 Projektowy (71) 71-99-525 Dzia\u0142 Ksi\u0119gowo\u015bci (62) 59-74-573 Serwis&amp;Laboratorium (62) 59-74-574 Informacje szczeg\u00f3\u0142owe NIP: 514 031 86 96 REGON: 301403937 Krajowy Rejestr S\u0105dowy: 0000353569 Prezes Zarz\u0105du: Przemys\u0142aw Krawczyk S\u0105d [&hellip;]<\/p>\n","protected":false},"author":11,"featured_media":0,"parent":0,"menu_order":0,"comment_status":"closed","ping_status":"closed","template":"","meta":{"footnotes":""},"class_list":["post-26426","page","type-page","status-publish","hentry"],"yoast_head":"<!-- This site is optimized with the Yoast SEO Premium plugin v27.3 (Yoast SEO v27.3) - https:\/\/yoast.com\/product\/yoast-seo-premium-wordpress\/ -->\n<title>agriKomp GmbH - Nehmen Sie Kontakt auf!<\/title>\n<meta name=\"description\" content=\"Do you have a question or a request? Dann nehmen Sie \u00fcber unser Kontaktformular mit uns Kontakt auf!\" \/>\n<meta name=\"robots\" content=\"index, follow, max-snippet:-1, max-image-preview:large, max-video-preview:-1\" \/>\n<link rel=\"canonical\" href=\"https:\/\/www.agrikomp.com\/pl\/impress\/\" \/>\n<meta property=\"og:locale\" content=\"pl_PL\" \/>\n<meta property=\"og:type\" content=\"article\" \/>\n<meta property=\"og:title\" content=\"Nehmen Sie Kontakt auf!\" \/>\n<meta property=\"og:description\" content=\"Do you have a question or a request? Then get in touch with us via our contact form!\" \/>\n<meta property=\"og:url\" content=\"https:\/\/www.agrikomp.com\/pl\/impress\/\" \/>\n<meta property=\"og:site_name\" content=\"agriKomp GmbH\" \/>\n<meta property=\"article:publisher\" content=\"https:\/\/www.facebook.com\/agriKomp.Deutschland\" \/>\n<meta property=\"article:modified_time\" content=\"2024-04-19T05:58:31+00:00\" \/>\n<meta property=\"og:image\" content=\"https:\/\/agrikomp.com\/wp-content\/uploads\/2021\/03\/as_de_97357_prichsenstadt_mueller_0205_c-1-e1619437894385.jpg\" \/>\n<meta name=\"twitter:card\" content=\"summary_large_image\" \/>\n<meta name=\"twitter:title\" content=\"Nehmen Sie Kontakt auf!\" \/>\n<meta name=\"twitter:description\" content=\"Do you have a question or a request? Then get in touch with us via our contact form!\" \/>\n<meta name=\"twitter:image\" content=\"https:\/\/agrikomp.com\/wp-content\/uploads\/2021\/03\/as_de_97357_prichsenstadt_mueller_0205_c-1-e1619437894385.jpg\" \/>\n<meta name=\"twitter:label1\" content=\"Szacowany czas czytania\" \/>\n\t<meta name=\"twitter:data1\" content=\"2 minuty\" \/>\n<script type=\"application\/ld+json\" class=\"yoast-schema-graph\">{\"@context\":\"https:\\\/\\\/schema.org\",\"@graph\":[{\"@type\":\"WebPage\",\"@id\":\"https:\\\/\\\/www.agrikomp.com\\\/pl\\\/impress\\\/\",\"url\":\"https:\\\/\\\/www.agrikomp.com\\\/pl\\\/impress\\\/\",\"name\":\"agriKomp GmbH - Nehmen Sie Kontakt auf!\",\"isPartOf\":{\"@id\":\"https:\\\/\\\/agrikomp.com\\\/de\\\/#website\"},\"datePublished\":\"2022-09-05T11:18:29+00:00\",\"dateModified\":\"2024-04-19T05:58:31+00:00\",\"description\":\"Do you have a question or a request? Dann nehmen Sie \u00fcber unser Kontaktformular mit uns Kontakt auf!\",\"breadcrumb\":{\"@id\":\"https:\\\/\\\/www.agrikomp.com\\\/pl\\\/impress\\\/#breadcrumb\"},\"inLanguage\":\"pl-PL\",\"potentialAction\":[{\"@type\":\"ReadAction\",\"target\":[\"https:\\\/\\\/www.agrikomp.com\\\/pl\\\/impress\\\/\"]}]},{\"@type\":\"BreadcrumbList\",\"@id\":\"https:\\\/\\\/www.agrikomp.com\\\/pl\\\/impress\\\/#breadcrumb\",\"itemListElement\":[{\"@type\":\"ListItem\",\"position\":1,\"name\":\"Homepage\",\"item\":\"https:\\\/\\\/www.agrikomp.com\\\/pl\\\/\"},{\"@type\":\"ListItem\",\"position\":2,\"name\":\"Impress\"}]},{\"@type\":\"WebSite\",\"@id\":\"https:\\\/\\\/agrikomp.com\\\/de\\\/#website\",\"url\":\"https:\\\/\\\/agrikomp.com\\\/de\\\/\",\"name\":\"agriKomp GmbH\",\"description\":\"Biogasanlagen und Biogastechnik wie sie gebraucht wird\",\"publisher\":{\"@id\":\"https:\\\/\\\/agrikomp.com\\\/de\\\/#organization\"},\"potentialAction\":[{\"@type\":\"SearchAction\",\"target\":{\"@type\":\"EntryPoint\",\"urlTemplate\":\"https:\\\/\\\/agrikomp.com\\\/de\\\/?s={search_term_string}\"},\"query-input\":{\"@type\":\"PropertyValueSpecification\",\"valueRequired\":true,\"valueName\":\"search_term_string\"}}],\"inLanguage\":\"pl-PL\"},{\"@type\":\"Organization\",\"@id\":\"https:\\\/\\\/agrikomp.com\\\/de\\\/#organization\",\"name\":\"agriKomp\",\"url\":\"https:\\\/\\\/agrikomp.com\\\/de\\\/\",\"logo\":{\"@type\":\"ImageObject\",\"inLanguage\":\"pl-PL\",\"@id\":\"https:\\\/\\\/agrikomp.com\\\/de\\\/#\\\/schema\\\/logo\\\/image\\\/\",\"url\":\"https:\\\/\\\/www.agrikomp.com\\\/wp-content\\\/uploads\\\/2020\\\/11\\\/150224_aKlogo-grau_quer.png\",\"contentUrl\":\"https:\\\/\\\/www.agrikomp.com\\\/wp-content\\\/uploads\\\/2020\\\/11\\\/150224_aKlogo-grau_quer.png\",\"width\":2560,\"height\":455,\"caption\":\"agriKomp\"},\"image\":{\"@id\":\"https:\\\/\\\/agrikomp.com\\\/de\\\/#\\\/schema\\\/logo\\\/image\\\/\"},\"sameAs\":[\"https:\\\/\\\/www.facebook.com\\\/agriKomp.Deutschland\",\"https:\\\/\\\/www.instagram.com\\\/agrikomp\\\/?hl=en\",\"https:\\\/\\\/www.linkedin.com\\\/company\\\/5254243\\\/\",\"https:\\\/\\\/www.youtube.com\\\/@AgrikompDeutschland\"]}]}<\/script>\n<!-- \/ Yoast SEO Premium plugin. -->","yoast_head_json":{"title":"agriKomp GmbH - Nehmen Sie Kontakt auf!","description":"Do you have a question or a request? Dann nehmen Sie \u00fcber unser Kontaktformular mit uns Kontakt auf!","robots":{"index":"index","follow":"follow","max-snippet":"max-snippet:-1","max-image-preview":"max-image-preview:large","max-video-preview":"max-video-preview:-1"},"canonical":"https:\/\/www.agrikomp.com\/pl\/impress\/","og_locale":"pl_PL","og_type":"article","og_title":"Nehmen Sie Kontakt auf!","og_description":"Do you have a question or a request? Then get in touch with us via our contact form!","og_url":"https:\/\/www.agrikomp.com\/pl\/impress\/","og_site_name":"agriKomp GmbH","article_publisher":"https:\/\/www.facebook.com\/agriKomp.Deutschland","article_modified_time":"2024-04-19T05:58:31+00:00","og_image":[{"url":"https:\/\/agrikomp.com\/wp-content\/uploads\/2021\/03\/as_de_97357_prichsenstadt_mueller_0205_c-1-e1619437894385.jpg","type":"","width":"","height":""}],"twitter_card":"summary_large_image","twitter_title":"Nehmen Sie Kontakt auf!","twitter_description":"Do you have a question or a request? Then get in touch with us via our contact form!","twitter_image":"https:\/\/agrikomp.com\/wp-content\/uploads\/2021\/03\/as_de_97357_prichsenstadt_mueller_0205_c-1-e1619437894385.jpg","twitter_misc":{"Szacowany czas czytania":"2 minuty"},"schema":{"@context":"https:\/\/schema.org","@graph":[{"@type":"WebPage","@id":"https:\/\/www.agrikomp.com\/pl\/impress\/","url":"https:\/\/www.agrikomp.com\/pl\/impress\/","name":"agriKomp GmbH - Nehmen Sie Kontakt auf!","isPartOf":{"@id":"https:\/\/agrikomp.com\/de\/#website"},"datePublished":"2022-09-05T11:18:29+00:00","dateModified":"2024-04-19T05:58:31+00:00","description":"Do you have a question or a request? Dann nehmen Sie \u00fcber unser Kontaktformular mit uns Kontakt auf!","breadcrumb":{"@id":"https:\/\/www.agrikomp.com\/pl\/impress\/#breadcrumb"},"inLanguage":"pl-PL","potentialAction":[{"@type":"ReadAction","target":["https:\/\/www.agrikomp.com\/pl\/impress\/"]}]},{"@type":"BreadcrumbList","@id":"https:\/\/www.agrikomp.com\/pl\/impress\/#breadcrumb","itemListElement":[{"@type":"ListItem","position":1,"name":"Homepage","item":"https:\/\/www.agrikomp.com\/pl\/"},{"@type":"ListItem","position":2,"name":"Impress"}]},{"@type":"WebSite","@id":"https:\/\/agrikomp.com\/de\/#website","url":"https:\/\/agrikomp.com\/de\/","name":"agriKomp GmbH","description":"Biogasanlagen und Biogastechnik wie sie gebraucht wird","publisher":{"@id":"https:\/\/agrikomp.com\/de\/#organization"},"potentialAction":[{"@type":"SearchAction","target":{"@type":"EntryPoint","urlTemplate":"https:\/\/agrikomp.com\/de\/?s={search_term_string}"},"query-input":{"@type":"PropertyValueSpecification","valueRequired":true,"valueName":"search_term_string"}}],"inLanguage":"pl-PL"},{"@type":"Organization","@id":"https:\/\/agrikomp.com\/de\/#organization","name":"agriKomp","url":"https:\/\/agrikomp.com\/de\/","logo":{"@type":"ImageObject","inLanguage":"pl-PL","@id":"https:\/\/agrikomp.com\/de\/#\/schema\/logo\/image\/","url":"https:\/\/www.agrikomp.com\/wp-content\/uploads\/2020\/11\/150224_aKlogo-grau_quer.png","contentUrl":"https:\/\/www.agrikomp.com\/wp-content\/uploads\/2020\/11\/150224_aKlogo-grau_quer.png","width":2560,"height":455,"caption":"agriKomp"},"image":{"@id":"https:\/\/agrikomp.com\/de\/#\/schema\/logo\/image\/"},"sameAs":["https:\/\/www.facebook.com\/agriKomp.Deutschland","https:\/\/www.instagram.com\/agrikomp\/?hl=en","https:\/\/www.linkedin.com\/company\/5254243\/","https:\/\/www.youtube.com\/@AgrikompDeutschland"]}]}},"_links":{"self":[{"href":"https:\/\/www.agrikomp.com\/pl\/wp-json\/wp\/v2\/pages\/26426","targetHints":{"allow":["GET"]}}],"collection":[{"href":"https:\/\/www.agrikomp.com\/pl\/wp-json\/wp\/v2\/pages"}],"about":[{"href":"https:\/\/www.agrikomp.com\/pl\/wp-json\/wp\/v2\/types\/page"}],"author":[{"embeddable":true,"href":"https:\/\/www.agrikomp.com\/pl\/wp-json\/wp\/v2\/users\/11"}],"replies":[{"embeddable":true,"href":"https:\/\/www.agrikomp.com\/pl\/wp-json\/wp\/v2\/comments?post=26426"}],"version-history":[{"count":55,"href":"https:\/\/www.agrikomp.com\/pl\/wp-json\/wp\/v2\/pages\/26426\/revisions"}],"predecessor-version":[{"id":38234,"href":"https:\/\/www.agrikomp.com\/pl\/wp-json\/wp\/v2\/pages\/26426\/revisions\/38234"}],"wp:attachment":[{"href":"https:\/\/www.agrikomp.com\/pl\/wp-json\/wp\/v2\/media?parent=26426"}],"curies":[{"name":"wp","href":"https:\/\/api.w.org\/{rel}","templated":true}]}}