{"id":42618,"date":"2025-07-15T14:49:51","date_gmt":"2025-07-15T14:49:51","guid":{"rendered":"https:\/\/www.agrikomp.com\/conformita\/"},"modified":"2025-07-15T14:51:55","modified_gmt":"2025-07-15T14:51:55","slug":"conformita","status":"publish","type":"page","link":"https:\/\/www.agrikomp.com\/it\/conformita\/","title":{"rendered":"Conformit\u00e0"},"content":{"rendered":"\t\t<div data-elementor-type=\"wp-page\" data-elementor-id=\"42618\" class=\"elementor elementor-42618 elementor-35891\" data-elementor-post-type=\"page\">\n\t\t\t\t\t\t<section class=\"elementor-section elementor-top-section elementor-element elementor-element-5ec7ea1f elementor-section-height-min-height elementor-section-content-middle elementor-section-boxed elementor-section-height-default elementor-section-items-middle\" data-id=\"5ec7ea1f\" data-element_type=\"section\" data-e-type=\"section\" data-settings=\"{&quot;background_background&quot;:&quot;classic&quot;,&quot;background_motion_fx_motion_fx_mouse&quot;:&quot;yes&quot;,&quot;background_motion_fx_mouseTrack_effect&quot;:&quot;yes&quot;,&quot;background_motion_fx_mouseTrack_speed&quot;:{&quot;unit&quot;:&quot;px&quot;,&quot;size&quot;:0.2,&quot;sizes&quot;:[]}}\">\n\t\t\t\t\t\t\t<div class=\"elementor-background-overlay\"><\/div>\n\t\t\t\t\t\t\t<div class=\"elementor-container elementor-column-gap-default\">\n\t\t\t\t\t<div class=\"elementor-column elementor-col-100 elementor-top-column elementor-element elementor-element-66ff3b8f\" data-id=\"66ff3b8f\" data-element_type=\"column\" data-e-type=\"column\">\n\t\t\t<div class=\"elementor-widget-wrap elementor-element-populated\">\n\t\t\t\t\t\t<div class=\"elementor-element elementor-element-7bf5a01 elementor-widget elementor-widget-heading\" data-id=\"7bf5a01\" data-element_type=\"widget\" data-e-type=\"widget\" data-widget_type=\"heading.default\">\n\t\t\t\t<div class=\"elementor-widget-container\">\n\t\t\t\t\t<h5 class=\"elementor-heading-title elementor-size-default\">Conformit\u00e0<\/h5>\t\t\t\t<\/div>\n\t\t\t\t<\/div>\n\t\t\t\t<div class=\"elementor-element elementor-element-a13bee1 elementor-widget elementor-widget-heading\" data-id=\"a13bee1\" data-element_type=\"widget\" data-e-type=\"widget\" data-widget_type=\"heading.default\">\n\t\t\t\t<div class=\"elementor-widget-container\">\n\t\t\t\t\t<h2 class=\"elementor-heading-title elementor-size-default\">sistema whistleblower<\/h2>\t\t\t\t<\/div>\n\t\t\t\t<\/div>\n\t\t\t\t\t<\/div>\n\t\t<\/div>\n\t\t\t\t\t<\/div>\n\t\t<\/section>\n\t\t\t\t<section class=\"elementor-section elementor-top-section elementor-element elementor-element-56934f48 elementor-section-boxed elementor-section-height-default elementor-section-height-default\" data-id=\"56934f48\" data-element_type=\"section\" data-e-type=\"section\">\n\t\t\t\t\t\t<div class=\"elementor-container elementor-column-gap-default\">\n\t\t\t\t\t<div class=\"elementor-column elementor-col-100 elementor-top-column elementor-element elementor-element-7367070c\" data-id=\"7367070c\" data-element_type=\"column\" data-e-type=\"column\">\n\t\t\t<div class=\"elementor-widget-wrap elementor-element-populated\">\n\t\t\t\t\t\t<section class=\"elementor-section elementor-inner-section elementor-element elementor-element-7f47a2cf elementor-section-boxed elementor-section-height-default elementor-section-height-default\" data-id=\"7f47a2cf\" data-element_type=\"section\" data-e-type=\"section\">\n\t\t\t\t\t\t<div class=\"elementor-container elementor-column-gap-wider\">\n\t\t\t\t\t<div class=\"elementor-column elementor-col-100 elementor-inner-column elementor-element elementor-element-7a00da58\" data-id=\"7a00da58\" data-element_type=\"column\" data-e-type=\"column\">\n\t\t\t<div class=\"elementor-widget-wrap elementor-element-populated\">\n\t\t\t\t\t\t<div class=\"elementor-element elementor-element-43732368 elementor-widget elementor-widget-heading\" data-id=\"43732368\" data-element_type=\"widget\" data-e-type=\"widget\" data-widget_type=\"heading.default\">\n\t\t\t\t<div class=\"elementor-widget-container\">\n\t\t\t\t\t<h2 class=\"elementor-heading-title elementor-size-default\">segnalazione di violazioni della conformit\u00e0<\/h2>\t\t\t\t<\/div>\n\t\t\t\t<\/div>\n\t\t\t\t\t<\/div>\n\t\t<\/div>\n\t\t\t\t\t<\/div>\n\t\t<\/section>\n\t\t\t\t<div class=\"elementor-element elementor-element-e1484d7 elementor-widget elementor-widget-text-editor\" data-id=\"e1484d7\" data-element_type=\"widget\" data-e-type=\"widget\" data-widget_type=\"text-editor.default\">\n\t\t\t\t<div class=\"elementor-widget-container\">\n\t\t\t\t\t\t\t\t\t<p><strong>Informazioni generali<\/strong><\/p><p>Il sistema whistleblower di bestore per la segnalazione di violazioni della compliance \u00e8 a disposizione di tutti i dipendenti del Gruppo bestore (ad esempio agriKomp GmbH, ServiceUnion GmbH, tutte le sedi di ServiceUnion, Formprotect GmbH, ecc.) e di terzi esterni (ad esempio i fornitori) per segnalare violazioni di leggi o altre violazioni della compliance relative al Gruppo bestore.<\/p><p>Vale il principio che i dipendenti non devono subire alcuno svantaggio a causa della presentazione di una segnalazione in ambito professionale. Per consentire un &#8216; elaborazione mirata della segnalazione, il centro di segnalazione coinvolger\u00e0 altri reparti , se necessario , per ottenere chiarimenti. <\/p><p>\u00c8 anche possibile, ad esempio, segnalare le violazioni dei regolamenti all &#8216; ufficio federale di segnalazione o agli uffici di segnalazione degli Stati federali, ma vi chiediamo di segnalarle direttamente al nostro ufficio di segnalazione come questione prioritaria.<\/p><p>\u00c8 possibile contattare il nostro centro segnalazioni tramite il seguente indirizzo e-mail:<\/p><p><a href=\"mailto:hints@bestore-compliance.group\">hints@bestore-compliance.group<\/a><\/p><p>Dopo aver inviato una segnalazione, riceverete entro 7 giorni la conferma che la segnalazione \u00e8 stata ricevuta ed \u00e8 in fase di elaborazione.<\/p><p>Per reclami di carattere generale, ad esempio su prodotti o servizi, si prega di utilizzare l&#8217; indirizzo di contatto generale o la hotline clienti.<\/p>\t\t\t\t\t\t\t\t<\/div>\n\t\t\t\t<\/div>\n\t\t\t\t\t<\/div>\n\t\t<\/div>\n\t\t\t\t\t<\/div>\n\t\t<\/section>\n\t\t\t\t<\/div>\n\t\t","protected":false},"excerpt":{"rendered":"<p>Conformit\u00e0 sistema whistleblower segnalazione di violazioni della conformit\u00e0 Informazioni generali Il sistema whistleblower di bestore per la segnalazione di violazioni della compliance \u00e8 a disposizione di tutti i dipendenti del Gruppo bestore (ad esempio agriKomp GmbH, ServiceUnion GmbH, tutte le sedi di ServiceUnion, Formprotect GmbH, ecc.) e di terzi esterni (ad esempio i fornitori) per [&hellip;]<\/p>\n","protected":false},"author":2,"featured_media":0,"parent":0,"menu_order":0,"comment_status":"closed","ping_status":"closed","template":"","meta":{"footnotes":""},"class_list":["post-42618","page","type-page","status-publish","hentry"],"yoast_head":"<!-- This site is optimized with the Yoast SEO Premium plugin v27.3 (Yoast SEO v27.4) - https:\/\/yoast.com\/product\/yoast-seo-premium-wordpress\/ -->\n<title>agriKomp GmbH - Mettetevi in contatto con noi!<\/title>\n<meta name=\"description\" content=\"Hai una domanda o una richiesta? Allora contattateci tramite il nostro modulo di contatto!\" \/>\n<meta name=\"robots\" content=\"index, follow, max-snippet:-1, max-image-preview:large, max-video-preview:-1\" \/>\n<link rel=\"canonical\" href=\"https:\/\/www.agrikomp.com\/it\/conformita\/\" \/>\n<meta property=\"og:locale\" content=\"it_IT\" \/>\n<meta property=\"og:type\" content=\"article\" \/>\n<meta property=\"og:title\" content=\"Mettetevi in contatto con noi!\" \/>\n<meta property=\"og:description\" content=\"Hai una domanda o una richiesta? Allora mettiti in contatto con noi tramite il nostro modulo di contatto!\" \/>\n<meta property=\"og:url\" content=\"https:\/\/www.agrikomp.com\/it\/conformita\/\" \/>\n<meta property=\"og:site_name\" content=\"agriKomp GmbH\" \/>\n<meta property=\"article:publisher\" content=\"https:\/\/www.facebook.com\/agriKomp.Deutschland\" \/>\n<meta property=\"article:modified_time\" content=\"2025-07-15T14:51:55+00:00\" \/>\n<meta property=\"og:image\" content=\"https:\/\/agrikomp.com\/wp-content\/uploads\/2021\/03\/as_de_97357_prichsenstadt_mueller_0205_c-1-e1619437894385.jpg\" \/>\n<meta name=\"twitter:card\" content=\"summary_large_image\" \/>\n<meta name=\"twitter:title\" content=\"Mettetevi in contatto con noi!\" \/>\n<meta name=\"twitter:description\" content=\"Hai una domanda o una richiesta? Allora mettiti in contatto con noi tramite il nostro modulo di contatto!\" \/>\n<meta name=\"twitter:image\" content=\"https:\/\/agrikomp.com\/wp-content\/uploads\/2021\/03\/as_de_97357_prichsenstadt_mueller_0205_c-1-e1619437894385.jpg\" \/>\n<meta name=\"twitter:label1\" content=\"Tempo di lettura stimato\" \/>\n\t<meta name=\"twitter:data1\" content=\"2 minuti\" \/>\n<script type=\"application\/ld+json\" class=\"yoast-schema-graph\">{\"@context\":\"https:\\\/\\\/schema.org\",\"@graph\":[{\"@type\":\"WebPage\",\"@id\":\"https:\\\/\\\/www.agrikomp.com\\\/it\\\/conformita\\\/\",\"url\":\"https:\\\/\\\/www.agrikomp.com\\\/it\\\/conformita\\\/\",\"name\":\"agriKomp GmbH - Mettetevi in contatto con noi!\",\"isPartOf\":{\"@id\":\"https:\\\/\\\/agrikomp.com\\\/de\\\/#website\"},\"datePublished\":\"2025-07-15T14:49:51+00:00\",\"dateModified\":\"2025-07-15T14:51:55+00:00\",\"description\":\"Hai una domanda o una richiesta? Allora contattateci tramite il nostro modulo di contatto!\",\"breadcrumb\":{\"@id\":\"https:\\\/\\\/www.agrikomp.com\\\/it\\\/conformita\\\/#breadcrumb\"},\"inLanguage\":\"it-IT\",\"potentialAction\":[{\"@type\":\"ReadAction\",\"target\":[\"https:\\\/\\\/www.agrikomp.com\\\/it\\\/conformita\\\/\"]}]},{\"@type\":\"BreadcrumbList\",\"@id\":\"https:\\\/\\\/www.agrikomp.com\\\/it\\\/conformita\\\/#breadcrumb\",\"itemListElement\":[{\"@type\":\"ListItem\",\"position\":1,\"name\":\"Homepage\",\"item\":\"https:\\\/\\\/www.agrikomp.com\\\/it\\\/\"},{\"@type\":\"ListItem\",\"position\":2,\"name\":\"Conformit\u00e0\"}]},{\"@type\":\"WebSite\",\"@id\":\"https:\\\/\\\/agrikomp.com\\\/de\\\/#website\",\"url\":\"https:\\\/\\\/agrikomp.com\\\/de\\\/\",\"name\":\"agriKomp GmbH\",\"description\":\"Biogasanlagen und Biogastechnik wie sie gebraucht wird\",\"publisher\":{\"@id\":\"https:\\\/\\\/agrikomp.com\\\/de\\\/#organization\"},\"potentialAction\":[{\"@type\":\"SearchAction\",\"target\":{\"@type\":\"EntryPoint\",\"urlTemplate\":\"https:\\\/\\\/agrikomp.com\\\/de\\\/?s={search_term_string}\"},\"query-input\":{\"@type\":\"PropertyValueSpecification\",\"valueRequired\":true,\"valueName\":\"search_term_string\"}}],\"inLanguage\":\"it-IT\"},{\"@type\":\"Organization\",\"@id\":\"https:\\\/\\\/agrikomp.com\\\/de\\\/#organization\",\"name\":\"agriKomp\",\"url\":\"https:\\\/\\\/agrikomp.com\\\/de\\\/\",\"logo\":{\"@type\":\"ImageObject\",\"inLanguage\":\"it-IT\",\"@id\":\"https:\\\/\\\/agrikomp.com\\\/de\\\/#\\\/schema\\\/logo\\\/image\\\/\",\"url\":\"https:\\\/\\\/www.agrikomp.com\\\/wp-content\\\/uploads\\\/2020\\\/11\\\/150224_aKlogo-grau_quer.png\",\"contentUrl\":\"https:\\\/\\\/www.agrikomp.com\\\/wp-content\\\/uploads\\\/2020\\\/11\\\/150224_aKlogo-grau_quer.png\",\"width\":2712,\"height\":482,\"caption\":\"agriKomp\"},\"image\":{\"@id\":\"https:\\\/\\\/agrikomp.com\\\/de\\\/#\\\/schema\\\/logo\\\/image\\\/\"},\"sameAs\":[\"https:\\\/\\\/www.facebook.com\\\/agriKomp.Deutschland\",\"https:\\\/\\\/www.instagram.com\\\/agrikomp\\\/?hl=en\",\"https:\\\/\\\/www.linkedin.com\\\/company\\\/5254243\\\/\",\"https:\\\/\\\/www.youtube.com\\\/@AgrikompDeutschland\"]}]}<\/script>\n<!-- \/ Yoast SEO Premium plugin. -->","yoast_head_json":{"title":"agriKomp GmbH - Mettetevi in contatto con noi!","description":"Hai una domanda o una richiesta? Allora contattateci tramite il nostro modulo di contatto!","robots":{"index":"index","follow":"follow","max-snippet":"max-snippet:-1","max-image-preview":"max-image-preview:large","max-video-preview":"max-video-preview:-1"},"canonical":"https:\/\/www.agrikomp.com\/it\/conformita\/","og_locale":"it_IT","og_type":"article","og_title":"Mettetevi in contatto con noi!","og_description":"Hai una domanda o una richiesta? Allora mettiti in contatto con noi tramite il nostro modulo di contatto!","og_url":"https:\/\/www.agrikomp.com\/it\/conformita\/","og_site_name":"agriKomp GmbH","article_publisher":"https:\/\/www.facebook.com\/agriKomp.Deutschland","article_modified_time":"2025-07-15T14:51:55+00:00","og_image":[{"url":"https:\/\/agrikomp.com\/wp-content\/uploads\/2021\/03\/as_de_97357_prichsenstadt_mueller_0205_c-1-e1619437894385.jpg","type":"","width":"","height":""}],"twitter_card":"summary_large_image","twitter_title":"Mettetevi in contatto con noi!","twitter_description":"Hai una domanda o una richiesta? Allora mettiti in contatto con noi tramite il nostro modulo di contatto!","twitter_image":"https:\/\/agrikomp.com\/wp-content\/uploads\/2021\/03\/as_de_97357_prichsenstadt_mueller_0205_c-1-e1619437894385.jpg","twitter_misc":{"Tempo di lettura stimato":"2 minuti"},"schema":{"@context":"https:\/\/schema.org","@graph":[{"@type":"WebPage","@id":"https:\/\/www.agrikomp.com\/it\/conformita\/","url":"https:\/\/www.agrikomp.com\/it\/conformita\/","name":"agriKomp GmbH - Mettetevi in contatto con noi!","isPartOf":{"@id":"https:\/\/agrikomp.com\/de\/#website"},"datePublished":"2025-07-15T14:49:51+00:00","dateModified":"2025-07-15T14:51:55+00:00","description":"Hai una domanda o una richiesta? Allora contattateci tramite il nostro modulo di contatto!","breadcrumb":{"@id":"https:\/\/www.agrikomp.com\/it\/conformita\/#breadcrumb"},"inLanguage":"it-IT","potentialAction":[{"@type":"ReadAction","target":["https:\/\/www.agrikomp.com\/it\/conformita\/"]}]},{"@type":"BreadcrumbList","@id":"https:\/\/www.agrikomp.com\/it\/conformita\/#breadcrumb","itemListElement":[{"@type":"ListItem","position":1,"name":"Homepage","item":"https:\/\/www.agrikomp.com\/it\/"},{"@type":"ListItem","position":2,"name":"Conformit\u00e0"}]},{"@type":"WebSite","@id":"https:\/\/agrikomp.com\/de\/#website","url":"https:\/\/agrikomp.com\/de\/","name":"agriKomp GmbH","description":"Biogasanlagen und Biogastechnik wie sie gebraucht wird","publisher":{"@id":"https:\/\/agrikomp.com\/de\/#organization"},"potentialAction":[{"@type":"SearchAction","target":{"@type":"EntryPoint","urlTemplate":"https:\/\/agrikomp.com\/de\/?s={search_term_string}"},"query-input":{"@type":"PropertyValueSpecification","valueRequired":true,"valueName":"search_term_string"}}],"inLanguage":"it-IT"},{"@type":"Organization","@id":"https:\/\/agrikomp.com\/de\/#organization","name":"agriKomp","url":"https:\/\/agrikomp.com\/de\/","logo":{"@type":"ImageObject","inLanguage":"it-IT","@id":"https:\/\/agrikomp.com\/de\/#\/schema\/logo\/image\/","url":"https:\/\/www.agrikomp.com\/wp-content\/uploads\/2020\/11\/150224_aKlogo-grau_quer.png","contentUrl":"https:\/\/www.agrikomp.com\/wp-content\/uploads\/2020\/11\/150224_aKlogo-grau_quer.png","width":2712,"height":482,"caption":"agriKomp"},"image":{"@id":"https:\/\/agrikomp.com\/de\/#\/schema\/logo\/image\/"},"sameAs":["https:\/\/www.facebook.com\/agriKomp.Deutschland","https:\/\/www.instagram.com\/agrikomp\/?hl=en","https:\/\/www.linkedin.com\/company\/5254243\/","https:\/\/www.youtube.com\/@AgrikompDeutschland"]}]}},"_links":{"self":[{"href":"https:\/\/www.agrikomp.com\/it\/wp-json\/wp\/v2\/pages\/42618","targetHints":{"allow":["GET"]}}],"collection":[{"href":"https:\/\/www.agrikomp.com\/it\/wp-json\/wp\/v2\/pages"}],"about":[{"href":"https:\/\/www.agrikomp.com\/it\/wp-json\/wp\/v2\/types\/page"}],"author":[{"embeddable":true,"href":"https:\/\/www.agrikomp.com\/it\/wp-json\/wp\/v2\/users\/2"}],"replies":[{"embeddable":true,"href":"https:\/\/www.agrikomp.com\/it\/wp-json\/wp\/v2\/comments?post=42618"}],"version-history":[{"count":4,"href":"https:\/\/www.agrikomp.com\/it\/wp-json\/wp\/v2\/pages\/42618\/revisions"}],"predecessor-version":[{"id":42622,"href":"https:\/\/www.agrikomp.com\/it\/wp-json\/wp\/v2\/pages\/42618\/revisions\/42622"}],"wp:attachment":[{"href":"https:\/\/www.agrikomp.com\/it\/wp-json\/wp\/v2\/media?parent=42618"}],"curies":[{"name":"wp","href":"https:\/\/api.w.org\/{rel}","templated":true}]}}