{"id":35916,"date":"2023-12-15T12:32:44","date_gmt":"2023-12-15T12:32:44","guid":{"rendered":"https:\/\/www.agrikomp.com\/compliance\/"},"modified":"2023-12-15T12:32:49","modified_gmt":"2023-12-15T12:32:49","slug":"compliance","status":"publish","type":"page","link":"https:\/\/www.agrikomp.com\/de\/compliance\/","title":{"rendered":"Compliance"},"content":{"rendered":"\t\t<div data-elementor-type=\"wp-page\" data-elementor-id=\"35916\" class=\"elementor elementor-35916 elementor-35891\" data-elementor-post-type=\"page\">\n\t\t\t\t\t\t<section class=\"elementor-section elementor-top-section elementor-element elementor-element-5ec7ea1f elementor-section-height-min-height elementor-section-content-middle elementor-section-boxed elementor-section-height-default elementor-section-items-middle\" data-id=\"5ec7ea1f\" data-element_type=\"section\" data-e-type=\"section\" data-settings=\"{&quot;background_background&quot;:&quot;classic&quot;,&quot;background_motion_fx_motion_fx_mouse&quot;:&quot;yes&quot;,&quot;background_motion_fx_mouseTrack_effect&quot;:&quot;yes&quot;,&quot;background_motion_fx_mouseTrack_speed&quot;:{&quot;unit&quot;:&quot;px&quot;,&quot;size&quot;:0.2,&quot;sizes&quot;:[]}}\">\n\t\t\t\t\t\t\t<div class=\"elementor-background-overlay\"><\/div>\n\t\t\t\t\t\t\t<div class=\"elementor-container elementor-column-gap-default\">\n\t\t\t\t\t<div class=\"elementor-column elementor-col-100 elementor-top-column elementor-element elementor-element-66ff3b8f\" data-id=\"66ff3b8f\" data-element_type=\"column\" data-e-type=\"column\">\n\t\t\t<div class=\"elementor-widget-wrap elementor-element-populated\">\n\t\t\t\t\t\t<div class=\"elementor-element elementor-element-7bf5a01 elementor-widget elementor-widget-heading\" data-id=\"7bf5a01\" data-element_type=\"widget\" data-e-type=\"widget\" data-widget_type=\"heading.default\">\n\t\t\t\t<div class=\"elementor-widget-container\">\n\t\t\t\t\t<h5 class=\"elementor-heading-title elementor-size-default\">Compliance<\/h5>\t\t\t\t<\/div>\n\t\t\t\t<\/div>\n\t\t\t\t<div class=\"elementor-element elementor-element-a13bee1 elementor-widget elementor-widget-heading\" data-id=\"a13bee1\" data-element_type=\"widget\" data-e-type=\"widget\" data-widget_type=\"heading.default\">\n\t\t\t\t<div class=\"elementor-widget-container\">\n\t\t\t\t\t<h2 class=\"elementor-heading-title elementor-size-default\">whistleblower system<\/h2>\t\t\t\t<\/div>\n\t\t\t\t<\/div>\n\t\t\t\t\t<\/div>\n\t\t<\/div>\n\t\t\t\t\t<\/div>\n\t\t<\/section>\n\t\t\t\t<section class=\"elementor-section elementor-top-section elementor-element elementor-element-56934f48 elementor-section-boxed elementor-section-height-default elementor-section-height-default\" data-id=\"56934f48\" data-element_type=\"section\" data-e-type=\"section\">\n\t\t\t\t\t\t<div class=\"elementor-container elementor-column-gap-default\">\n\t\t\t\t\t<div class=\"elementor-column elementor-col-100 elementor-top-column elementor-element elementor-element-7367070c\" data-id=\"7367070c\" data-element_type=\"column\" data-e-type=\"column\">\n\t\t\t<div class=\"elementor-widget-wrap elementor-element-populated\">\n\t\t\t\t\t\t<section class=\"elementor-section elementor-inner-section elementor-element elementor-element-7f47a2cf elementor-section-boxed elementor-section-height-default elementor-section-height-default\" data-id=\"7f47a2cf\" data-element_type=\"section\" data-e-type=\"section\">\n\t\t\t\t\t\t<div class=\"elementor-container elementor-column-gap-wider\">\n\t\t\t\t\t<div class=\"elementor-column elementor-col-100 elementor-inner-column elementor-element elementor-element-7a00da58\" data-id=\"7a00da58\" data-element_type=\"column\" data-e-type=\"column\">\n\t\t\t<div class=\"elementor-widget-wrap elementor-element-populated\">\n\t\t\t\t\t\t<div class=\"elementor-element elementor-element-43732368 elementor-widget elementor-widget-heading\" data-id=\"43732368\" data-element_type=\"widget\" data-e-type=\"widget\" data-widget_type=\"heading.default\">\n\t\t\t\t<div class=\"elementor-widget-container\">\n\t\t\t\t\t<h2 class=\"elementor-heading-title elementor-size-default\">Hinweisgebersystem f\u00fcr die Meldung von Regelverst\u00f6\u00dfen<\/h2>\t\t\t\t<\/div>\n\t\t\t\t<\/div>\n\t\t\t\t\t<\/div>\n\t\t<\/div>\n\t\t\t\t\t<\/div>\n\t\t<\/section>\n\t\t\t\t<div class=\"elementor-element elementor-element-e1484d7 elementor-widget elementor-widget-text-editor\" data-id=\"e1484d7\" data-element_type=\"widget\" data-e-type=\"widget\" data-widget_type=\"text-editor.default\">\n\t\t\t\t<div class=\"elementor-widget-container\">\n\t\t\t\t\t\t\t\t\t<p><strong>Allgemeine Informationen<\/strong><\/p>\n<p>Das bestore Hinweisgebersystem f\u00fcr die Meldung von Regelverst\u00f6\u00dfen steht allen Besch\u00e4ftigten der bestore Gruppe (z.B. agriKomp GmbH, ServiceUnion GmbH, alle ServiceUnion Standorten, Formprotect GmbH etc.) sowie ebenfalls externen Dritten (z.B. Lieferanten) zur Verf\u00fcgung, um Hinweise auf Verst\u00f6\u00dfe gegen Gesetze oder sonstige ma\u00dfgebliche Regelverst\u00f6\u00dfe mit Bezug zur bestore Gruppe zu melden.<\/p>\n<p>Es gilt der Grundsatz, dass Besch\u00e4ftigten aufgrund der Abgabe eines Hinweises im beruflichen Kontext keine Nachteile entstehen d\u00fcrfen. Um eine zielf\u00fchrende Bearbeitung Ihres Hinweises zu erm\u00f6glichen, wird die Meldestelle bei Bedarf weitere, f\u00fcr die Aufkl\u00e4rung erforderliche Stellen einbinden.<\/p>\n<p>Eine Meldung von Regelverst\u00f6\u00dfen ist z.B. auch an die Meldestelle des Bundes oder die Meldestellen der L\u00e4nder m\u00f6glich, wir bitten aber vorrangig um eine direkte Meldung bei unserer Meldestelle.<\/p>\n<p>Kontakt mit unserer Meldestelle k\u00f6nnen Sie \u00fcber die nachfolgende E-Mailadresse aufnehmen:<\/p>\n<p><a href=\"mailto:hints@bestore-compliance.group\">hints@bestore-compliance.group<\/a><\/p>\n<p>Sie erhalten nach Abgabe einer Meldung innerhalb von 7 Tagen eine Best\u00e4tigung, dass Ihre Meldung eigegangen ist und bearbeitet wird.<\/p>\n<p>F\u00fcr allgemeine Beschwerden, z.B. zu Produkten oder Dienstleistungen, wenden Sie sich bitte an die allgemeine Kontaktadresse oder die Kundenhotline.<\/p>\n\t\t\t\t\t\t\t\t<\/div>\n\t\t\t\t<\/div>\n\t\t\t\t\t<\/div>\n\t\t<\/div>\n\t\t\t\t\t<\/div>\n\t\t<\/section>\n\t\t\t\t<\/div>\n\t\t","protected":false},"excerpt":{"rendered":"<p>Compliance whistleblower system Hinweisgebersystem f\u00fcr die Meldung von Regelverst\u00f6\u00dfen Allgemeine Informationen Das bestore Hinweisgebersystem f\u00fcr die Meldung von Regelverst\u00f6\u00dfen steht allen Besch\u00e4ftigten der bestore Gruppe (z.B. agriKomp GmbH, ServiceUnion GmbH, alle ServiceUnion Standorten, Formprotect GmbH etc.) sowie ebenfalls externen Dritten (z.B. Lieferanten) zur Verf\u00fcgung, um Hinweise auf Verst\u00f6\u00dfe gegen Gesetze oder sonstige ma\u00dfgebliche Regelverst\u00f6\u00dfe mit [&hellip;]<\/p>\n","protected":false},"author":2,"featured_media":0,"parent":0,"menu_order":0,"comment_status":"closed","ping_status":"closed","template":"","meta":{"footnotes":""},"class_list":["post-35916","page","type-page","status-publish","hentry"],"yoast_head":"<!-- This site is optimized with the Yoast SEO Premium plugin v27.2 (Yoast SEO v27.3) - https:\/\/yoast.com\/product\/yoast-seo-premium-wordpress\/ -->\n<title>agriKomp GmbH - Nehmen Sie Kontakt auf!<\/title>\n<meta name=\"description\" content=\"Haben Sie eine Frage oder ein Anliegen? Dann nehmen Sie \u00fcber unser Kontaktformular mit uns Kontakt auf!\" \/>\n<meta name=\"robots\" content=\"index, follow, max-snippet:-1, max-image-preview:large, max-video-preview:-1\" \/>\n<link rel=\"canonical\" href=\"https:\/\/www.agrikomp.com\/de\/compliance\/\" \/>\n<meta property=\"og:locale\" content=\"de_DE\" \/>\n<meta property=\"og:type\" content=\"article\" \/>\n<meta property=\"og:title\" content=\"Nehmen Sie Kontakt auf!\" \/>\n<meta property=\"og:description\" content=\"Haben Sie eine Frage oder ein Anliegen? Dann setzen Sie sich mit uns \u00fcber unser Kontaktformular in Verbindung!\" \/>\n<meta property=\"og:url\" content=\"https:\/\/www.agrikomp.com\/de\/compliance\/\" \/>\n<meta property=\"og:site_name\" content=\"agriKomp GmbH\" \/>\n<meta property=\"article:publisher\" content=\"https:\/\/www.facebook.com\/agriKomp.Deutschland\" \/>\n<meta property=\"article:modified_time\" content=\"2023-12-15T12:32:49+00:00\" \/>\n<meta property=\"og:image\" content=\"https:\/\/agrikomp.com\/wp-content\/uploads\/2021\/03\/as_de_97357_prichsenstadt_mueller_0205_c-1-e1619437894385.jpg\" \/>\n<meta name=\"twitter:card\" content=\"summary_large_image\" \/>\n<meta name=\"twitter:title\" content=\"Nehmen Sie Kontakt auf!\" \/>\n<meta name=\"twitter:description\" content=\"Haben Sie eine Frage oder ein Anliegen? Dann setzen Sie sich mit uns \u00fcber unser Kontaktformular in Verbindung!\" \/>\n<meta name=\"twitter:image\" content=\"https:\/\/agrikomp.com\/wp-content\/uploads\/2021\/03\/as_de_97357_prichsenstadt_mueller_0205_c-1-e1619437894385.jpg\" \/>\n<meta name=\"twitter:label1\" content=\"Gesch\u00e4tzte Lesezeit\" \/>\n\t<meta name=\"twitter:data1\" content=\"1\u00a0Minute\" \/>\n<script type=\"application\/ld+json\" class=\"yoast-schema-graph\">{\"@context\":\"https:\\\/\\\/schema.org\",\"@graph\":[{\"@type\":\"WebPage\",\"@id\":\"https:\\\/\\\/www.agrikomp.com\\\/de\\\/compliance\\\/\",\"url\":\"https:\\\/\\\/www.agrikomp.com\\\/de\\\/compliance\\\/\",\"name\":\"agriKomp GmbH - Nehmen Sie Kontakt auf!\",\"isPartOf\":{\"@id\":\"https:\\\/\\\/agrikomp.com\\\/de\\\/#website\"},\"datePublished\":\"2023-12-15T12:32:44+00:00\",\"dateModified\":\"2023-12-15T12:32:49+00:00\",\"description\":\"Haben Sie eine Frage oder ein Anliegen? Dann nehmen Sie \u00fcber unser Kontaktformular mit uns Kontakt auf!\",\"breadcrumb\":{\"@id\":\"https:\\\/\\\/www.agrikomp.com\\\/de\\\/compliance\\\/#breadcrumb\"},\"inLanguage\":\"de\",\"potentialAction\":[{\"@type\":\"ReadAction\",\"target\":[\"https:\\\/\\\/www.agrikomp.com\\\/de\\\/compliance\\\/\"]}]},{\"@type\":\"BreadcrumbList\",\"@id\":\"https:\\\/\\\/www.agrikomp.com\\\/de\\\/compliance\\\/#breadcrumb\",\"itemListElement\":[{\"@type\":\"ListItem\",\"position\":1,\"name\":\"Homepage\",\"item\":\"https:\\\/\\\/www.agrikomp.com\\\/de\\\/\"},{\"@type\":\"ListItem\",\"position\":2,\"name\":\"Compliance\"}]},{\"@type\":\"WebSite\",\"@id\":\"https:\\\/\\\/agrikomp.com\\\/de\\\/#website\",\"url\":\"https:\\\/\\\/agrikomp.com\\\/de\\\/\",\"name\":\"agriKomp GmbH\",\"description\":\"Biogasanlagen und Biogastechnik wie sie gebraucht wird\",\"publisher\":{\"@id\":\"https:\\\/\\\/agrikomp.com\\\/de\\\/#organization\"},\"potentialAction\":[{\"@type\":\"SearchAction\",\"target\":{\"@type\":\"EntryPoint\",\"urlTemplate\":\"https:\\\/\\\/agrikomp.com\\\/de\\\/?s={search_term_string}\"},\"query-input\":{\"@type\":\"PropertyValueSpecification\",\"valueRequired\":true,\"valueName\":\"search_term_string\"}}],\"inLanguage\":\"de\"},{\"@type\":\"Organization\",\"@id\":\"https:\\\/\\\/agrikomp.com\\\/de\\\/#organization\",\"name\":\"agriKomp\",\"url\":\"https:\\\/\\\/agrikomp.com\\\/de\\\/\",\"logo\":{\"@type\":\"ImageObject\",\"inLanguage\":\"de\",\"@id\":\"https:\\\/\\\/agrikomp.com\\\/de\\\/#\\\/schema\\\/logo\\\/image\\\/\",\"url\":\"https:\\\/\\\/www.agrikomp.com\\\/wp-content\\\/uploads\\\/2020\\\/11\\\/150224_aKlogo-grau_quer.png\",\"contentUrl\":\"https:\\\/\\\/www.agrikomp.com\\\/wp-content\\\/uploads\\\/2020\\\/11\\\/150224_aKlogo-grau_quer.png\",\"width\":2712,\"height\":482,\"caption\":\"agriKomp\"},\"image\":{\"@id\":\"https:\\\/\\\/agrikomp.com\\\/de\\\/#\\\/schema\\\/logo\\\/image\\\/\"},\"sameAs\":[\"https:\\\/\\\/www.facebook.com\\\/agriKomp.Deutschland\",\"https:\\\/\\\/www.instagram.com\\\/agrikomp\\\/?hl=en\",\"https:\\\/\\\/www.linkedin.com\\\/company\\\/5254243\\\/\",\"https:\\\/\\\/www.youtube.com\\\/@AgrikompDeutschland\"]}]}<\/script>\n<!-- \/ Yoast SEO Premium plugin. -->","yoast_head_json":{"title":"agriKomp GmbH - Nehmen Sie Kontakt auf!","description":"Haben Sie eine Frage oder ein Anliegen? Dann nehmen Sie \u00fcber unser Kontaktformular mit uns Kontakt auf!","robots":{"index":"index","follow":"follow","max-snippet":"max-snippet:-1","max-image-preview":"max-image-preview:large","max-video-preview":"max-video-preview:-1"},"canonical":"https:\/\/www.agrikomp.com\/de\/compliance\/","og_locale":"de_DE","og_type":"article","og_title":"Nehmen Sie Kontakt auf!","og_description":"Haben Sie eine Frage oder ein Anliegen? Dann setzen Sie sich mit uns \u00fcber unser Kontaktformular in Verbindung!","og_url":"https:\/\/www.agrikomp.com\/de\/compliance\/","og_site_name":"agriKomp GmbH","article_publisher":"https:\/\/www.facebook.com\/agriKomp.Deutschland","article_modified_time":"2023-12-15T12:32:49+00:00","og_image":[{"url":"https:\/\/agrikomp.com\/wp-content\/uploads\/2021\/03\/as_de_97357_prichsenstadt_mueller_0205_c-1-e1619437894385.jpg","type":"","width":"","height":""}],"twitter_card":"summary_large_image","twitter_title":"Nehmen Sie Kontakt auf!","twitter_description":"Haben Sie eine Frage oder ein Anliegen? Dann setzen Sie sich mit uns \u00fcber unser Kontaktformular in Verbindung!","twitter_image":"https:\/\/agrikomp.com\/wp-content\/uploads\/2021\/03\/as_de_97357_prichsenstadt_mueller_0205_c-1-e1619437894385.jpg","twitter_misc":{"Gesch\u00e4tzte Lesezeit":"1\u00a0Minute"},"schema":{"@context":"https:\/\/schema.org","@graph":[{"@type":"WebPage","@id":"https:\/\/www.agrikomp.com\/de\/compliance\/","url":"https:\/\/www.agrikomp.com\/de\/compliance\/","name":"agriKomp GmbH - Nehmen Sie Kontakt auf!","isPartOf":{"@id":"https:\/\/agrikomp.com\/de\/#website"},"datePublished":"2023-12-15T12:32:44+00:00","dateModified":"2023-12-15T12:32:49+00:00","description":"Haben Sie eine Frage oder ein Anliegen? Dann nehmen Sie \u00fcber unser Kontaktformular mit uns Kontakt auf!","breadcrumb":{"@id":"https:\/\/www.agrikomp.com\/de\/compliance\/#breadcrumb"},"inLanguage":"de","potentialAction":[{"@type":"ReadAction","target":["https:\/\/www.agrikomp.com\/de\/compliance\/"]}]},{"@type":"BreadcrumbList","@id":"https:\/\/www.agrikomp.com\/de\/compliance\/#breadcrumb","itemListElement":[{"@type":"ListItem","position":1,"name":"Homepage","item":"https:\/\/www.agrikomp.com\/de\/"},{"@type":"ListItem","position":2,"name":"Compliance"}]},{"@type":"WebSite","@id":"https:\/\/agrikomp.com\/de\/#website","url":"https:\/\/agrikomp.com\/de\/","name":"agriKomp GmbH","description":"Biogasanlagen und Biogastechnik wie sie gebraucht wird","publisher":{"@id":"https:\/\/agrikomp.com\/de\/#organization"},"potentialAction":[{"@type":"SearchAction","target":{"@type":"EntryPoint","urlTemplate":"https:\/\/agrikomp.com\/de\/?s={search_term_string}"},"query-input":{"@type":"PropertyValueSpecification","valueRequired":true,"valueName":"search_term_string"}}],"inLanguage":"de"},{"@type":"Organization","@id":"https:\/\/agrikomp.com\/de\/#organization","name":"agriKomp","url":"https:\/\/agrikomp.com\/de\/","logo":{"@type":"ImageObject","inLanguage":"de","@id":"https:\/\/agrikomp.com\/de\/#\/schema\/logo\/image\/","url":"https:\/\/www.agrikomp.com\/wp-content\/uploads\/2020\/11\/150224_aKlogo-grau_quer.png","contentUrl":"https:\/\/www.agrikomp.com\/wp-content\/uploads\/2020\/11\/150224_aKlogo-grau_quer.png","width":2712,"height":482,"caption":"agriKomp"},"image":{"@id":"https:\/\/agrikomp.com\/de\/#\/schema\/logo\/image\/"},"sameAs":["https:\/\/www.facebook.com\/agriKomp.Deutschland","https:\/\/www.instagram.com\/agrikomp\/?hl=en","https:\/\/www.linkedin.com\/company\/5254243\/","https:\/\/www.youtube.com\/@AgrikompDeutschland"]}]}},"_links":{"self":[{"href":"https:\/\/www.agrikomp.com\/de\/wp-json\/wp\/v2\/pages\/35916","targetHints":{"allow":["GET"]}}],"collection":[{"href":"https:\/\/www.agrikomp.com\/de\/wp-json\/wp\/v2\/pages"}],"about":[{"href":"https:\/\/www.agrikomp.com\/de\/wp-json\/wp\/v2\/types\/page"}],"author":[{"embeddable":true,"href":"https:\/\/www.agrikomp.com\/de\/wp-json\/wp\/v2\/users\/2"}],"replies":[{"embeddable":true,"href":"https:\/\/www.agrikomp.com\/de\/wp-json\/wp\/v2\/comments?post=35916"}],"version-history":[{"count":3,"href":"https:\/\/www.agrikomp.com\/de\/wp-json\/wp\/v2\/pages\/35916\/revisions"}],"predecessor-version":[{"id":35919,"href":"https:\/\/www.agrikomp.com\/de\/wp-json\/wp\/v2\/pages\/35916\/revisions\/35919"}],"wp:attachment":[{"href":"https:\/\/www.agrikomp.com\/de\/wp-json\/wp\/v2\/media?parent=35916"}],"curies":[{"name":"wp","href":"https:\/\/api.w.org\/{rel}","templated":true}]}}